{"id":3088,"date":"2025-06-30T13:11:00","date_gmt":"2025-06-30T11:11:00","guid":{"rendered":"https:\/\/serwer1512113.home.pl\/autoinstalator\/wordpress2\/?page_id=3088"},"modified":"2025-10-24T09:10:18","modified_gmt":"2025-10-24T07:10:18","slug":"poduszki_produkcja","status":"publish","type":"page","link":"https:\/\/arcona.pl\/index.php\/poduszki_produkcja\/","title":{"rendered":"poduszki"},"content":{"rendered":"\t\t<div data-elementor-type=\"wp-page\" data-elementor-id=\"3088\" class=\"elementor elementor-3088\">\n\t\t\t\t\t\t<section class=\"elementor-section elementor-top-section elementor-element elementor-element-e4aee7c elementor-section-boxed elementor-section-height-default elementor-section-height-default\" data-id=\"e4aee7c\" data-element_type=\"section\" data-e-type=\"section\">\n\t\t\t\t\t\t<div class=\"elementor-container elementor-column-gap-default\">\n\t\t\t\t\t<div class=\"elementor-column elementor-col-100 elementor-top-column elementor-element elementor-element-a59097f\" data-id=\"a59097f\" data-element_type=\"column\" data-e-type=\"column\">\n\t\t\t<div class=\"elementor-widget-wrap elementor-element-populated\">\n\t\t\t\t\t\t<div class=\"elementor-element elementor-element-96baf50 elementor-widget elementor-widget-spacer\" data-id=\"96baf50\" data-element_type=\"widget\" data-e-type=\"widget\" data-widget_type=\"spacer.default\">\n\t\t\t\t<div class=\"elementor-widget-container\">\n\t\t\t\t\t\t\t<div class=\"elementor-spacer\">\n\t\t\t<div class=\"elementor-spacer-inner\"><\/div>\n\t\t<\/div>\n\t\t\t\t\t\t<\/div>\n\t\t\t\t<\/div>\n\t\t\t\t\t<\/div>\n\t\t<\/div>\n\t\t\t\t\t<\/div>\n\t\t<\/section>\n\t\t\t\t<section class=\"elementor-section elementor-top-section elementor-element elementor-element-6cc71caa elementor-section-content-middle elementor-section-stretched elementor-section-boxed elementor-section-height-default elementor-section-height-default\" data-id=\"6cc71caa\" data-element_type=\"section\" data-e-type=\"section\" data-settings=\"{&quot;background_background&quot;:&quot;classic&quot;,&quot;stretch_section&quot;:&quot;section-stretched&quot;}\">\n\t\t\t\t\t\t<div class=\"elementor-container elementor-column-gap-no\">\n\t\t\t\t\t<div class=\"elementor-column elementor-col-50 elementor-top-column elementor-element elementor-element-18e0028a\" data-id=\"18e0028a\" data-element_type=\"column\" data-e-type=\"column\">\n\t\t\t<div class=\"elementor-widget-wrap elementor-element-populated\">\n\t\t\t\t\t\t<div class=\"elementor-element elementor-element-793483e2 elementor-widget elementor-widget-image\" data-id=\"793483e2\" data-element_type=\"widget\" data-e-type=\"widget\" data-widget_type=\"image.default\">\n\t\t\t\t<div class=\"elementor-widget-container\">\n\t\t\t\t\t\t\t\t\t\t\t\t\t\t\t<img loading=\"lazy\" decoding=\"async\" width=\"2560\" height=\"1440\" src=\"https:\/\/arcona.pl\/wp-content\/uploads\/2025\/06\/14-scaled.jpg\" class=\"attachment-full size-full wp-image-3130\" alt=\"Wygodne poduszki producent wielu wzor\u00f3w i wype\u0142nie\u0144\" srcset=\"https:\/\/arcona.pl\/wp-content\/uploads\/2025\/06\/14-scaled.jpg 2560w, https:\/\/arcona.pl\/wp-content\/uploads\/2025\/06\/14-300x169.jpg 300w, https:\/\/arcona.pl\/wp-content\/uploads\/2025\/06\/14-1024x576.jpg 1024w, https:\/\/arcona.pl\/wp-content\/uploads\/2025\/06\/14-768x432.jpg 768w, https:\/\/arcona.pl\/wp-content\/uploads\/2025\/06\/14-1536x864.jpg 1536w, https:\/\/arcona.pl\/wp-content\/uploads\/2025\/06\/14-2048x1152.jpg 2048w\" sizes=\"auto, (max-width: 2560px) 100vw, 2560px\" \/>\t\t\t\t\t\t\t\t\t\t\t\t\t\t\t<\/div>\n\t\t\t\t<\/div>\n\t\t\t\t\t<\/div>\n\t\t<\/div>\n\t\t\t\t<div class=\"elementor-column elementor-col-50 elementor-top-column elementor-element elementor-element-5725e25\" data-id=\"5725e25\" data-element_type=\"column\" data-e-type=\"column\">\n\t\t\t<div class=\"elementor-widget-wrap elementor-element-populated\">\n\t\t\t\t\t\t<div class=\"elementor-element elementor-element-722b5034 elementor-widget elementor-widget-text-editor\" data-id=\"722b5034\" data-element_type=\"widget\" data-e-type=\"widget\" data-widget_type=\"text-editor.default\">\n\t\t\t\t<div class=\"elementor-widget-container\">\n\t\t\t\t\t\t\t\t\t<div>Zajmujemy si\u0119 produkcj\u0105 poduszek i oferujemy bardzo szeroki wachlarz produkt\u00f3w &#8211; pocz\u0105wszy od poduszek meblowych, przez po\u015bcielowe, a\u017c po ozdobne. Do ich wype\u0142nienia wykorzystujemy wyprodukowane w naszej firmie: frytk\u0119 z pianki poliuretanowej, kulk\u0119 z w\u0142\u00f3kna poliestrowego oraz mix frytki PU i kulki HCS. Produkcja w\u0142asna pozwala nam zaoferowa\u0107 konkurencyjne ceny oraz kr\u00f3tkie terminy dostaw. Proponujemy r\u00f3wnie\u017c wype\u0142nienie w odmianie trudnopalnej oraz poduszki z pierza.<\/div><div>\u00a0<\/div><div>Wykonujemy poduszki z wigofilu, bawe\u0142ny oraz inletu. Stosujemy wszelkie dost\u0119pne na rynku wype\u0142nienie takie jak: kulka silikonowana, frytka z pianki PU (kolorowa i bia\u0142a), pierze oraz wszelkie miksy wcze\u015bniej wymienionych wype\u0142nie\u0144. Wszystkie te wype\u0142nienia opr\u00f3cz pierza produkujemy we w\u0142asnym zakresie. Ka\u017cd\u0105 poduszk\u0119 mo\u017cemy wykona\u0107 r\u00f3wnie\u017c w wersji trudnopalnej stosuj\u0105c certyfikowane tkaniny oraz wype\u0142nienia. Produkowane poduszki wykonujemy wg dostarczonej dokumentacji lub na podstawie dostarczonych przez klienta wzor\u00f3w. Szyjemy poduszki od prostych ja\u015bk\u00f3w po skomplikowane wielokomorowe ko\u0142derki.<\/div>\t\t\t\t\t\t\t\t<\/div>\n\t\t\t\t<\/div>\n\t\t\t\t\t<\/div>\n\t\t<\/div>\n\t\t\t\t\t<\/div>\n\t\t<\/section>\n\t\t\t\t<\/div>\n\t\t","protected":false},"excerpt":{"rendered":"<p>Zajmujemy si\u0119 produkcj\u0105 poduszek i oferujemy bardzo szeroki wachlarz produkt\u00f3w &#8211; pocz\u0105wszy od poduszek meblowych, przez po\u015bcielowe, a\u017c po ozdobne. Do ich wype\u0142nienia wykorzystujemy wyprodukowane w naszej firmie: frytk\u0119 z pianki poliuretanowej, kulk\u0119 z w\u0142\u00f3kna poliestrowego oraz mix frytki PU i kulki HCS. Produkcja w\u0142asna pozwala nam zaoferowa\u0107 konkurencyjne ceny oraz kr\u00f3tkie terminy dostaw. Proponujemy&#8230;<\/p>\n","protected":false},"author":3,"featured_media":0,"parent":0,"menu_order":0,"comment_status":"closed","ping_status":"closed","template":"","meta":{"_seopress_robots_primary_cat":"","_seopress_titles_title":"Producent wszelkiego rodzaju poduszek - Arcona.pl","_seopress_titles_desc":"Zajmujemy si\u0119 produkcj\u0105 poduszek - pocz\u0105wszy od poduszek meblowych, przez po\u015bcielowe, a\u017c po ozdobne. Niskie ceny, szybka realizacja.","_seopress_robots_index":"","_kad_post_transparent":"","_kad_post_title":"default","_kad_post_layout":"default","_kad_post_sidebar_id":"","_kad_post_content_style":"default","_kad_post_vertical_padding":"default","_kad_post_feature":"hide","_kad_post_feature_position":"","_kad_post_header":false,"_kad_post_footer":false,"footnotes":""},"class_list":["post-3088","page","type-page","status-publish","hentry"],"_links":{"self":[{"href":"https:\/\/arcona.pl\/index.php\/wp-json\/wp\/v2\/pages\/3088","targetHints":{"allow":["GET"]}}],"collection":[{"href":"https:\/\/arcona.pl\/index.php\/wp-json\/wp\/v2\/pages"}],"about":[{"href":"https:\/\/arcona.pl\/index.php\/wp-json\/wp\/v2\/types\/page"}],"author":[{"embeddable":true,"href":"https:\/\/arcona.pl\/index.php\/wp-json\/wp\/v2\/users\/3"}],"replies":[{"embeddable":true,"href":"https:\/\/arcona.pl\/index.php\/wp-json\/wp\/v2\/comments?post=3088"}],"version-history":[{"count":47,"href":"https:\/\/arcona.pl\/index.php\/wp-json\/wp\/v2\/pages\/3088\/revisions"}],"predecessor-version":[{"id":3253,"href":"https:\/\/arcona.pl\/index.php\/wp-json\/wp\/v2\/pages\/3088\/revisions\/3253"}],"wp:attachment":[{"href":"https:\/\/arcona.pl\/index.php\/wp-json\/wp\/v2\/media?parent=3088"}],"curies":[{"name":"wp","href":"https:\/\/api.w.org\/{rel}","templated":true}]}}