{"id":3022,"date":"2025-06-29T17:33:52","date_gmt":"2025-06-29T15:33:52","guid":{"rendered":"https:\/\/serwer1512113.home.pl\/autoinstalator\/wordpress2\/?page_id=3022"},"modified":"2025-10-24T09:11:29","modified_gmt":"2025-10-24T07:11:29","slug":"wloknina-puszysta","status":"publish","type":"page","link":"https:\/\/arcona.pl\/index.php\/wloknina-puszysta\/","title":{"rendered":"W\u0141\u00d3KNINA PUSZYSTA"},"content":{"rendered":"\t\t<div data-elementor-type=\"wp-page\" data-elementor-id=\"3022\" class=\"elementor elementor-3022\">\n\t\t\t\t\t\t<section class=\"elementor-section elementor-top-section elementor-element elementor-element-248d8c5b elementor-section-content-middle elementor-section-stretched elementor-section-boxed elementor-section-height-default elementor-section-height-default\" data-id=\"248d8c5b\" data-element_type=\"section\" data-e-type=\"section\" data-settings=\"{&quot;background_background&quot;:&quot;classic&quot;,&quot;stretch_section&quot;:&quot;section-stretched&quot;}\">\n\t\t\t\t\t\t<div class=\"elementor-container elementor-column-gap-no\">\n\t\t\t\t\t<div class=\"elementor-column elementor-col-50 elementor-top-column elementor-element elementor-element-3cd86938\" data-id=\"3cd86938\" data-element_type=\"column\" data-e-type=\"column\">\n\t\t\t<div class=\"elementor-widget-wrap elementor-element-populated\">\n\t\t\t\t\t\t<div class=\"elementor-element elementor-element-205e307f elementor-widget elementor-widget-image\" data-id=\"205e307f\" data-element_type=\"widget\" data-e-type=\"widget\" data-widget_type=\"image.default\">\n\t\t\t\t<div class=\"elementor-widget-container\">\n\t\t\t\t\t\t\t\t\t\t\t\t\t\t\t<img alt=\"\" loading=\"lazy\" decoding=\"async\" width=\"768\" height=\"432\" src=\"https:\/\/arcona.pl\/wp-content\/uploads\/2025\/07\/13-768x432.jpg\" class=\"attachment-medium_large size-medium_large wp-image-3095\" alt=\"\" srcset=\"https:\/\/arcona.pl\/wp-content\/uploads\/2025\/07\/13-768x432.jpg 768w, https:\/\/arcona.pl\/wp-content\/uploads\/2025\/07\/13-300x169.jpg 300w, https:\/\/arcona.pl\/wp-content\/uploads\/2025\/07\/13-1024x576.jpg 1024w, https:\/\/arcona.pl\/wp-content\/uploads\/2025\/07\/13-1536x864.jpg 1536w, https:\/\/arcona.pl\/wp-content\/uploads\/2025\/07\/13-2048x1152.jpg 2048w\" sizes=\"auto, (max-width: 768px) 100vw, 768px\" \/>\t\t\t\t\t\t\t\t\t\t\t\t\t\t\t<\/div>\n\t\t\t\t<\/div>\n\t\t\t\t\t<\/div>\n\t\t<\/div>\n\t\t\t\t<div class=\"elementor-column elementor-col-50 elementor-top-column elementor-element elementor-element-14d4c9c0\" data-id=\"14d4c9c0\" data-element_type=\"column\" data-e-type=\"column\">\n\t\t\t<div class=\"elementor-widget-wrap elementor-element-populated\">\n\t\t\t\t\t\t<div class=\"elementor-element elementor-element-7d4074af elementor-widget elementor-widget-text-editor\" data-id=\"7d4074af\" data-element_type=\"widget\" data-e-type=\"widget\" data-widget_type=\"text-editor.default\">\n\t\t\t\t<div class=\"elementor-widget-container\">\n\t\t\t\t\t\t\t\t\t<p>W swojej ofercie posiadamy w\u0142\u00f3knin\u0119 puszyt\u0105.<\/p>\t\t\t\t\t\t\t\t<\/div>\n\t\t\t\t<\/div>\n\t\t\t\t\t<\/div>\n\t\t<\/div>\n\t\t\t\t\t<\/div>\n\t\t<\/section>\n\t\t\t\t<section class=\"elementor-section elementor-top-section elementor-element elementor-element-edc4e34 elementor-section-boxed elementor-section-height-default elementor-section-height-default\" data-id=\"edc4e34\" data-element_type=\"section\" data-e-type=\"section\">\n\t\t\t\t\t\t<div class=\"elementor-container elementor-column-gap-default\">\n\t\t\t\t\t<div class=\"elementor-column elementor-col-100 elementor-top-column elementor-element elementor-element-790dec7\" data-id=\"790dec7\" data-element_type=\"column\" data-e-type=\"column\">\n\t\t\t<div class=\"elementor-widget-wrap elementor-element-populated\">\n\t\t\t\t\t\t<div class=\"elementor-element elementor-element-4ce9518 elementor-widget elementor-widget-spacer\" data-id=\"4ce9518\" data-element_type=\"widget\" data-e-type=\"widget\" data-widget_type=\"spacer.default\">\n\t\t\t\t<div class=\"elementor-widget-container\">\n\t\t\t\t\t\t\t<div class=\"elementor-spacer\">\n\t\t\t<div class=\"elementor-spacer-inner\"><\/div>\n\t\t<\/div>\n\t\t\t\t\t\t<\/div>\n\t\t\t\t<\/div>\n\t\t\t\t\t<\/div>\n\t\t<\/div>\n\t\t\t\t\t<\/div>\n\t\t<\/section>\n\t\t\t\t<\/div>\n\t\t","protected":false},"excerpt":{"rendered":"<p>W swojej ofercie posiadamy w\u0142\u00f3knin\u0119 puszyt\u0105.<\/p>\n","protected":false},"author":3,"featured_media":0,"parent":0,"menu_order":0,"comment_status":"closed","ping_status":"closed","template":"","meta":{"_seopress_robots_primary_cat":"","_seopress_titles_title":"","_seopress_titles_desc":"","_seopress_robots_index":"","_kad_post_transparent":"","_kad_post_title":"default","_kad_post_layout":"default","_kad_post_sidebar_id":"","_kad_post_content_style":"default","_kad_post_vertical_padding":"default","_kad_post_feature":"hide","_kad_post_feature_position":"","_kad_post_header":false,"_kad_post_footer":false,"footnotes":""},"class_list":["post-3022","page","type-page","status-publish","hentry"],"_links":{"self":[{"href":"https:\/\/arcona.pl\/index.php\/wp-json\/wp\/v2\/pages\/3022","targetHints":{"allow":["GET"]}}],"collection":[{"href":"https:\/\/arcona.pl\/index.php\/wp-json\/wp\/v2\/pages"}],"about":[{"href":"https:\/\/arcona.pl\/index.php\/wp-json\/wp\/v2\/types\/page"}],"author":[{"embeddable":true,"href":"https:\/\/arcona.pl\/index.php\/wp-json\/wp\/v2\/users\/3"}],"replies":[{"embeddable":true,"href":"https:\/\/arcona.pl\/index.php\/wp-json\/wp\/v2\/comments?post=3022"}],"version-history":[{"count":42,"href":"https:\/\/arcona.pl\/index.php\/wp-json\/wp\/v2\/pages\/3022\/revisions"}],"predecessor-version":[{"id":3294,"href":"https:\/\/arcona.pl\/index.php\/wp-json\/wp\/v2\/pages\/3022\/revisions\/3294"}],"wp:attachment":[{"href":"https:\/\/arcona.pl\/index.php\/wp-json\/wp\/v2\/media?parent=3022"}],"curies":[{"name":"wp","href":"https:\/\/api.w.org\/{rel}","templated":true}]}}