{"id":2782,"date":"2025-06-06T14:00:14","date_gmt":"2025-06-06T12:00:14","guid":{"rendered":"https:\/\/serwer1512113.home.pl\/autoinstalator\/wordpress2\/?page_id=2782"},"modified":"2025-10-24T09:48:14","modified_gmt":"2025-10-24T07:48:14","slug":"formatki","status":"publish","type":"page","link":"https:\/\/arcona.pl\/index.php\/formatki\/","title":{"rendered":"Formatki"},"content":{"rendered":"\t\t<div data-elementor-type=\"wp-page\" data-elementor-id=\"2782\" class=\"elementor elementor-2782\">\n\t\t\t\t\t\t<section class=\"elementor-section elementor-top-section elementor-element elementor-element-21e60a3b elementor-section-content-middle elementor-section-stretched elementor-section-boxed elementor-section-height-default elementor-section-height-default\" data-id=\"21e60a3b\" data-element_type=\"section\" data-e-type=\"section\" data-settings=\"{&quot;background_background&quot;:&quot;classic&quot;,&quot;stretch_section&quot;:&quot;section-stretched&quot;}\">\n\t\t\t\t\t\t<div class=\"elementor-container elementor-column-gap-no\">\n\t\t\t\t\t<div class=\"elementor-column elementor-col-50 elementor-top-column elementor-element elementor-element-49efa7cf\" data-id=\"49efa7cf\" data-element_type=\"column\" data-e-type=\"column\">\n\t\t\t<div class=\"elementor-widget-wrap elementor-element-populated\">\n\t\t\t\t\t\t<div class=\"elementor-element elementor-element-63cf6939 elementor-widget elementor-widget-image\" data-id=\"63cf6939\" data-element_type=\"widget\" data-e-type=\"widget\" data-widget_type=\"image.default\">\n\t\t\t\t<div class=\"elementor-widget-container\">\n\t\t\t\t\t\t\t\t\t\t\t\t\t\t\t<img alt=\"\" loading=\"lazy\" decoding=\"async\" width=\"2560\" height=\"2560\" src=\"https:\/\/arcona.pl\/wp-content\/uploads\/2025\/06\/formatki-1-1-scaled.jpg\" class=\"attachment-full size-full wp-image-2942\" alt=\"\" srcset=\"https:\/\/arcona.pl\/wp-content\/uploads\/2025\/06\/formatki-1-1-scaled.jpg 2560w, https:\/\/arcona.pl\/wp-content\/uploads\/2025\/06\/formatki-1-1-300x300.jpg 300w, https:\/\/arcona.pl\/wp-content\/uploads\/2025\/06\/formatki-1-1-1024x1024.jpg 1024w, https:\/\/arcona.pl\/wp-content\/uploads\/2025\/06\/formatki-1-1-150x150.jpg 150w, https:\/\/arcona.pl\/wp-content\/uploads\/2025\/06\/formatki-1-1-768x768.jpg 768w, https:\/\/arcona.pl\/wp-content\/uploads\/2025\/06\/formatki-1-1-1536x1536.jpg 1536w, https:\/\/arcona.pl\/wp-content\/uploads\/2025\/06\/formatki-1-1-2048x2048.jpg 2048w\" sizes=\"auto, (max-width: 2560px) 100vw, 2560px\" \/>\t\t\t\t\t\t\t\t\t\t\t\t\t\t\t<\/div>\n\t\t\t\t<\/div>\n\t\t\t\t\t<\/div>\n\t\t<\/div>\n\t\t\t\t<div class=\"elementor-column elementor-col-50 elementor-top-column elementor-element elementor-element-758d427\" data-id=\"758d427\" data-element_type=\"column\" data-e-type=\"column\">\n\t\t\t<div class=\"elementor-widget-wrap elementor-element-populated\">\n\t\t\t\t\t\t<div class=\"elementor-element elementor-element-e8ab255 elementor-widget elementor-widget-text-editor\" data-id=\"e8ab255\" data-element_type=\"widget\" data-e-type=\"widget\" data-widget_type=\"text-editor.default\">\n\t\t\t\t<div class=\"elementor-widget-container\">\n\t\t\t\t\t\t\t\t\t<div>Stawiamy na kompleksowo\u015b\u0107 \u015bwiadczonych us\u0142ug, dlatego w naszej ofercie znajdziesz r\u00f3wnie\u017c wszelkiego rodzaju kszta\u0142tki, formatki i p\u0142yty z pianki PU. w produkcji korzystamy z zaawansowanej niemieckiej maszyny tn\u0105cej marki Baumer oraz wysokojako\u015bciowych pianek poliuretanowych &#8211; wszystko zgodnie z Twoimi oczekiwaniami i spe\u0142nieniem najwy\u017cszych standard\u00f3w.<\/div>\n<div>&nbsp;<\/div>\n<div>To, jakich materia\u0142\u00f3w u\u017cyjemy do stworzenia formatek, zale\u017cy wy\u0142\u0105cznie od Ciebie. Do Twojej dyspozycji s\u0105 m.in. pianki typu T oraz typu HR we wszystkich dost\u0119pnych g\u0119sto\u015bciach i twardo\u015bciach.<\/div>\t\t\t\t\t\t\t\t<\/div>\n\t\t\t\t<\/div>\n\t\t\t\t\t<\/div>\n\t\t<\/div>\n\t\t\t\t\t<\/div>\n\t\t<\/section>\n\t\t\t\t<\/div>\n\t\t","protected":false},"excerpt":{"rendered":"<p>Stawiamy na kompleksowo\u015b\u0107 \u015bwiadczonych us\u0142ug, dlatego w naszej ofercie znajdziesz r\u00f3wnie\u017c wszelkiego rodzaju kszta\u0142tki, formatki i p\u0142yty z pianki PU. w produkcji korzystamy z zaawansowanej niemieckiej maszyny tn\u0105cej marki Baumer oraz wysokojako\u015bciowych pianek poliuretanowych &#8211; wszystko zgodnie z Twoimi oczekiwaniami i spe\u0142nieniem najwy\u017cszych standard\u00f3w. &nbsp; To, jakich materia\u0142\u00f3w u\u017cyjemy do stworzenia formatek, zale\u017cy wy\u0142\u0105cznie od&#8230;<\/p>\n","protected":false},"author":3,"featured_media":0,"parent":0,"menu_order":0,"comment_status":"closed","ping_status":"closed","template":"","meta":{"_seopress_robots_primary_cat":"","_seopress_titles_title":"Formatki tapicerskie","_seopress_titles_desc":"Stawiamy na kompleksowo\u015b\u0107 \u015bwiadczonych us\u0142ug, dlatego w naszej ofercie znajdziesz r\u00f3wnie\u017c wszelkiego rodzaju kszta\u0142tki, formatki i p\u0142yty z pianki PU. w produkcji","_seopress_robots_index":"","_kad_post_transparent":"","_kad_post_title":"default","_kad_post_layout":"default","_kad_post_sidebar_id":"","_kad_post_content_style":"default","_kad_post_vertical_padding":"default","_kad_post_feature":"default","_kad_post_feature_position":"","_kad_post_header":false,"_kad_post_footer":false,"footnotes":""},"class_list":["post-2782","page","type-page","status-publish","hentry"],"_links":{"self":[{"href":"https:\/\/arcona.pl\/index.php\/wp-json\/wp\/v2\/pages\/2782","targetHints":{"allow":["GET"]}}],"collection":[{"href":"https:\/\/arcona.pl\/index.php\/wp-json\/wp\/v2\/pages"}],"about":[{"href":"https:\/\/arcona.pl\/index.php\/wp-json\/wp\/v2\/types\/page"}],"author":[{"embeddable":true,"href":"https:\/\/arcona.pl\/index.php\/wp-json\/wp\/v2\/users\/3"}],"replies":[{"embeddable":true,"href":"https:\/\/arcona.pl\/index.php\/wp-json\/wp\/v2\/comments?post=2782"}],"version-history":[{"count":35,"href":"https:\/\/arcona.pl\/index.php\/wp-json\/wp\/v2\/pages\/2782\/revisions"}],"predecessor-version":[{"id":3334,"href":"https:\/\/arcona.pl\/index.php\/wp-json\/wp\/v2\/pages\/2782\/revisions\/3334"}],"wp:attachment":[{"href":"https:\/\/arcona.pl\/index.php\/wp-json\/wp\/v2\/media?parent=2782"}],"curies":[{"name":"wp","href":"https:\/\/api.w.org\/{rel}","templated":true}]}}