{"id":2442,"date":"2025-05-28T12:50:31","date_gmt":"2021-03-09T09:03:37","guid":{"rendered":"https:\/\/serwer1512113.home.pl\/autoinstalator\/wordpress2\/index.php\/about-us\/"},"modified":"2025-10-24T09:25:20","modified_gmt":"2025-10-24T07:25:20","slug":"about-us","status":"publish","type":"page","link":"https:\/\/arcona.pl\/index.php\/about-us\/","title":{"rendered":"O nas"},"content":{"rendered":"\t\t<div data-elementor-type=\"wp-page\" data-elementor-id=\"2442\" class=\"elementor elementor-2442\">\n\t\t\t\t\t\t<section class=\"elementor-section elementor-top-section elementor-element elementor-element-e6abbc9 elementor-section-boxed elementor-section-height-default elementor-section-height-default\" data-id=\"e6abbc9\" data-element_type=\"section\" data-e-type=\"section\">\n\t\t\t\t\t\t<div class=\"elementor-container elementor-column-gap-default\">\n\t\t\t\t\t<div class=\"elementor-column elementor-col-100 elementor-top-column elementor-element elementor-element-d269cbd\" data-id=\"d269cbd\" data-element_type=\"column\" data-e-type=\"column\">\n\t\t\t<div class=\"elementor-widget-wrap elementor-element-populated\">\n\t\t\t\t\t\t<div class=\"elementor-element elementor-element-f16e54b elementor-widget elementor-widget-spacer\" data-id=\"f16e54b\" data-element_type=\"widget\" data-e-type=\"widget\" data-widget_type=\"spacer.default\">\n\t\t\t\t<div class=\"elementor-widget-container\">\n\t\t\t\t\t\t\t<div class=\"elementor-spacer\">\n\t\t\t<div class=\"elementor-spacer-inner\"><\/div>\n\t\t<\/div>\n\t\t\t\t\t\t<\/div>\n\t\t\t\t<\/div>\n\t\t\t\t\t<\/div>\n\t\t<\/div>\n\t\t\t\t\t<\/div>\n\t\t<\/section>\n\t\t\t\t<section class=\"elementor-section elementor-top-section elementor-element elementor-element-7976fd98 elementor-section-content-middle elementor-section-stretched elementor-section-boxed elementor-section-height-default elementor-section-height-default\" data-id=\"7976fd98\" data-element_type=\"section\" data-e-type=\"section\" data-settings=\"{&quot;background_background&quot;:&quot;classic&quot;,&quot;stretch_section&quot;:&quot;section-stretched&quot;}\">\n\t\t\t\t\t\t<div class=\"elementor-container elementor-column-gap-no\">\n\t\t\t\t\t<div class=\"elementor-column elementor-col-50 elementor-top-column elementor-element elementor-element-7b0902e7\" data-id=\"7b0902e7\" data-element_type=\"column\" data-e-type=\"column\">\n\t\t\t<div class=\"elementor-widget-wrap elementor-element-populated\">\n\t\t\t\t\t\t<div class=\"elementor-element elementor-element-59d18954 elementor-widget elementor-widget-image\" data-id=\"59d18954\" data-element_type=\"widget\" data-e-type=\"widget\" data-widget_type=\"image.default\">\n\t\t\t\t<div class=\"elementor-widget-container\">\n\t\t\t\t\t\t\t\t\t\t\t\t\t\t\t<img alt=\"\" loading=\"lazy\" decoding=\"async\" width=\"983\" height=\"420\" src=\"https:\/\/arcona.pl\/wp-content\/uploads\/2025\/05\/logo-arcona.png\" class=\"attachment-full size-full wp-image-2465\" alt=\"\" srcset=\"https:\/\/arcona.pl\/wp-content\/uploads\/2025\/05\/logo-arcona.png 983w, https:\/\/arcona.pl\/wp-content\/uploads\/2025\/05\/logo-arcona-300x128.png 300w, https:\/\/arcona.pl\/wp-content\/uploads\/2025\/05\/logo-arcona-768x328.png 768w\" sizes=\"auto, (max-width: 983px) 100vw, 983px\" \/>\t\t\t\t\t\t\t\t\t\t\t\t\t\t\t<\/div>\n\t\t\t\t<\/div>\n\t\t\t\t\t<\/div>\n\t\t<\/div>\n\t\t\t\t<div class=\"elementor-column elementor-col-50 elementor-top-column elementor-element elementor-element-4590d386\" data-id=\"4590d386\" data-element_type=\"column\" data-e-type=\"column\">\n\t\t\t<div class=\"elementor-widget-wrap elementor-element-populated\">\n\t\t\t\t\t\t<div class=\"elementor-element elementor-element-16b1adc5 elementor-widget elementor-widget-text-editor\" data-id=\"16b1adc5\" data-element_type=\"widget\" data-e-type=\"widget\" data-widget_type=\"text-editor.default\">\n\t\t\t\t<div class=\"elementor-widget-container\">\n\t\t\t\t\t\t\t\t\t<p>ARCONA &#8211; Rodzinna firma z bogatym do\u015bwiadczeniem<\/p><p>Wszystko zacz\u0119\u0142o si\u0119 w 1994 roku w Malborku, mie\u015bcie s\u0142yn\u0105cym z najwi\u0119kszego ceglanego zamku krzy\u017cackiego. Za\u0142o\u017cyli\u015bmy rodzinn\u0105 firm\u0119, w kt\u00f3rej najwa\u017cniejsze by\u0142y dobre relacje i wzajemny szacunek. I tak jest do dzi\u015b, cho\u0107 ARCONA znacznie si\u0119 rozros\u0142a. Produkujemy ka\u017cde z dost\u0119pnych na rynku wype\u0142nie\u0144 z pianki poliuretanowej oraz z w\u0142\u00f3kien poliestrowych. \u201eKomfort w standardzie\u201d &#8211; brzmi motto naszej firmy. Co to oznacza dla Klient\u00f3w? Ka\u017cdy nasz produkt jest dopracowany w najmniejszym detalu, aby zapewni\u0107 przyjemny sen i pe\u0142en relaks. Dzi\u0119ki temu komfort snu staje si\u0119 standardem, na kt\u00f3ry ka\u017cdy mo\u017ce sobie pozwoli\u0107. Jako producent materacy, wype\u0142nie\u0144 do poduszek, formatek z pianki PU czy poduszek tapicerskich jeste\u015bmy sprawdzonym partnerem do wsp\u00f3\u0142pracy dla naszych odbiorc\u00f3w z Polski, Europy i ca\u0142ego \u015bwiata!<\/p>\t\t\t\t\t\t\t\t<\/div>\n\t\t\t\t<\/div>\n\t\t\t\t\t<\/div>\n\t\t<\/div>\n\t\t\t\t\t<\/div>\n\t\t<\/section>\n\t\t\t\t<\/div>\n\t\t","protected":false},"excerpt":{"rendered":"<p>ARCONA &#8211; Rodzinna firma z bogatym do\u015bwiadczeniem Wszystko zacz\u0119\u0142o si\u0119 w 1994 roku w Malborku, mie\u015bcie s\u0142yn\u0105cym z najwi\u0119kszego ceglanego zamku krzy\u017cackiego. Za\u0142o\u017cyli\u015bmy rodzinn\u0105 firm\u0119, w kt\u00f3rej najwa\u017cniejsze by\u0142y dobre relacje i wzajemny szacunek. I tak jest do dzi\u015b, cho\u0107 ARCONA znacznie si\u0119 rozros\u0142a. Produkujemy ka\u017cde z dost\u0119pnych na rynku wype\u0142nie\u0144 z pianki poliuretanowej oraz&#8230;<\/p>\n","protected":false},"author":3,"featured_media":0,"parent":0,"menu_order":0,"comment_status":"closed","ping_status":"closed","template":"","meta":{"_seopress_robots_primary_cat":"","_seopress_titles_title":"","_seopress_titles_desc":"","_seopress_robots_index":"","_kad_post_transparent":"","_kad_post_title":"","_kad_post_layout":"","_kad_post_sidebar_id":"","_kad_post_content_style":"","_kad_post_vertical_padding":"","_kad_post_feature":"","_kad_post_feature_position":"","_kad_post_header":false,"_kad_post_footer":false,"footnotes":""},"class_list":["post-2442","page","type-page","status-publish","hentry"],"_links":{"self":[{"href":"https:\/\/arcona.pl\/index.php\/wp-json\/wp\/v2\/pages\/2442","targetHints":{"allow":["GET"]}}],"collection":[{"href":"https:\/\/arcona.pl\/index.php\/wp-json\/wp\/v2\/pages"}],"about":[{"href":"https:\/\/arcona.pl\/index.php\/wp-json\/wp\/v2\/types\/page"}],"author":[{"embeddable":true,"href":"https:\/\/arcona.pl\/index.php\/wp-json\/wp\/v2\/users\/3"}],"replies":[{"embeddable":true,"href":"https:\/\/arcona.pl\/index.php\/wp-json\/wp\/v2\/comments?post=2442"}],"version-history":[{"count":34,"href":"https:\/\/arcona.pl\/index.php\/wp-json\/wp\/v2\/pages\/2442\/revisions"}],"predecessor-version":[{"id":3244,"href":"https:\/\/arcona.pl\/index.php\/wp-json\/wp\/v2\/pages\/2442\/revisions\/3244"}],"wp:attachment":[{"href":"https:\/\/arcona.pl\/index.php\/wp-json\/wp\/v2\/media?parent=2442"}],"curies":[{"name":"wp","href":"https:\/\/api.w.org\/{rel}","templated":true}]}}